{"id":1584,"date":"2016-02-02T14:28:54","date_gmt":"2016-02-02T13:28:54","guid":{"rendered":"http:\/\/academie-saintonge.org\/?page_id=1584"},"modified":"2023-03-16T19:54:58","modified_gmt":"2023-03-16T18:54:58","slug":"les-fondateurs-2","status":"publish","type":"page","link":"https:\/\/academie-saintonge.org\/?page_id=1584","title":{"rendered":"Les fondateurs"},"content":{"rendered":"<p>La premi\u00e8re r\u00e9union pr\u00e9liminaire \u00e0 la fondation de l&rsquo;Acad\u00e9mie de Saintonge eut lieu le 19 Janvier 1957 \u00e0 la Mairie de Saintes. Elle r\u00e9unissait les dix membres fondateurs :<\/p>\n<p><a href=\"https:\/\/academie-saintonge.org\/?p=68\">H\u00e9lie de Br\u00e9mond-d&rsquo;Ars-Migr\u00e9<\/a><br \/>\n<a href=\"https:\/\/academie-saintonge.org\/?p=89\">Fran\u00e7ois Murat de Chasseloup-Laubat<\/a><br \/>\n<a href=\"https:\/\/academie-saintonge.org\/?p=102\">Charles Connou\u00e9<\/a><br \/>\n<a href=\"https:\/\/academie-saintonge.org\/?p=113\">Ren\u00e9 Guillot<\/a><br \/>\n<a href=\"https:\/\/academie-saintonge.org\/?p=122\">Robert-Jean Boulan<\/a><br \/>\n<a href=\"https:\/\/academie-saintonge.org\/?p=134\">Pierre-Henri Simon<\/a><br \/>\n<a href=\"https:\/\/academie-saintonge.org\/?p=143\">Jean Sorillet<\/a><br \/>\n<a href=\"https:\/\/academie-saintonge.org\/?p=152\">Jean Thaumiaux<\/a><br \/>\n<a href=\"https:\/\/academie-saintonge.org\/?p=164\">Paul Tonnelier<\/a><br \/>\n<a href=\"https:\/\/academie-saintonge.org\/?p=173\">Jean Verwaest<\/a><\/p>\n<p>Les 10 \u00ab\u00a0si\u00e8ges\u00a0\u00bb furent attibu\u00e9s dans l&rsquo;ordre alphab\u00e9tique et un premier bureau fut constitu\u00e9 :<\/p>\n<p>Directeur : <a href=\"https:\/\/academie-saintonge.org\/?p=164\">Paul Tonnellier<\/a><br \/>\nSecr\u00e9taire : <a href=\"https:\/\/academie-saintonge.org\/?p=152\">Jean Thaumiaux<\/a><br \/>\nTr\u00e9sorier : <a href=\"https:\/\/academie-saintonge.org\/?p=102\">Charles Connou\u00e9<\/a><\/p>\n<p>l&rsquo;Acad\u00e9mie de Saintonge \u00e9tait n\u00e9e !<br \/>\nPour l&rsquo;historique d\u00e9taill\u00e9 on se reportera avec profit \u00e0 la brochure distribu\u00e9e lors de la s\u00e9ance publique annuelle de 1997: \u00ab\u00a0Acad\u00e9mie de Saintonge 1957 &#8211; 1997\u00a0\u00bb<\/p>\n","protected":false},"excerpt":{"rendered":"<p>La premi\u00e8re r\u00e9union pr\u00e9liminaire \u00e0 la fondation de l&rsquo;Acad\u00e9mie de Saintonge eut lieu le 19 Janvier 1957 \u00e0 la Mairie de Saintes. Elle r\u00e9unissait les [&hellip;]<\/p>\n","protected":false},"author":5,"featured_media":0,"parent":0,"menu_order":0,"comment_status":"closed","ping_status":"closed","template":"","meta":{"_acf_changed":false,"footnotes":""},"class_list":["post-1584","page","type-page","status-publish","hentry"],"acf":[],"_links":{"self":[{"href":"https:\/\/academie-saintonge.org\/index.php?rest_route=\/wp\/v2\/pages\/1584","targetHints":{"allow":["GET"]}}],"collection":[{"href":"https:\/\/academie-saintonge.org\/index.php?rest_route=\/wp\/v2\/pages"}],"about":[{"href":"https:\/\/academie-saintonge.org\/index.php?rest_route=\/wp\/v2\/types\/page"}],"author":[{"embeddable":true,"href":"https:\/\/academie-saintonge.org\/index.php?rest_route=\/wp\/v2\/users\/5"}],"replies":[{"embeddable":true,"href":"https:\/\/academie-saintonge.org\/index.php?rest_route=%2Fwp%2Fv2%2Fcomments&post=1584"}],"version-history":[{"count":2,"href":"https:\/\/academie-saintonge.org\/index.php?rest_route=\/wp\/v2\/pages\/1584\/revisions"}],"predecessor-version":[{"id":1861,"href":"https:\/\/academie-saintonge.org\/index.php?rest_route=\/wp\/v2\/pages\/1584\/revisions\/1861"}],"wp:attachment":[{"href":"https:\/\/academie-saintonge.org\/index.php?rest_route=%2Fwp%2Fv2%2Fmedia&parent=1584"}],"curies":[{"name":"wp","href":"https:\/\/api.w.org\/{rel}","templated":true}]}}