{"id":1586,"date":"2016-02-02T14:29:36","date_gmt":"2016-02-02T13:29:36","guid":{"rendered":"http:\/\/academie-saintonge.org\/?page_id=1586"},"modified":"2023-03-16T19:54:58","modified_gmt":"2023-03-16T18:54:58","slug":"les-differents-directeurs","status":"publish","type":"page","link":"https:\/\/academie-saintonge.org\/?page_id=1586","title":{"rendered":"Les diff\u00e9rents directeurs"},"content":{"rendered":"<div class=\"directeur\"><a href=\"https:\/\/academie-saintonge.org\/?p=164\"><\/p>\n<div class=\"imgac\"><img loading=\"lazy\" decoding=\"async\" class=\"alignnone size-full wp-image-165\" src=\"https:\/\/academie-saintonge.org\/wp-content\/uploads\/2015\/08\/tonnelier.jpg\" alt=\"tonnelier\" width=\"170\" height=\"210\" \/><\/div>\n<h2>Paul Tonnellier<\/h2>\n<p><\/a>\n<\/div>\n<div class=\"directeur\"><a href=\"https:\/\/academie-saintonge.org\/?p=143\"><\/p>\n<div class=\"imgac\"><img loading=\"lazy\" decoding=\"async\" class=\"alignnone size-full wp-image-144\" src=\"https:\/\/academie-saintonge.org\/wp-content\/uploads\/2015\/08\/sorillet.jpg\" alt=\"sorillet\" width=\"170\" height=\"210\" \/><\/div>\n<h2>Jean Sorillet<\/h2>\n<p><\/a>\n<\/div>\n<div class=\"directeur\"><a href=\"https:\/\/academie-saintonge.org\/?p=234\"><\/p>\n<div class=\"imgac\"><img loading=\"lazy\" decoding=\"async\" class=\"alignnone size-full wp-image-235\" src=\"https:\/\/academie-saintonge.org\/wp-content\/uploads\/2015\/08\/martin-civat.jpg\" alt=\"martin-civat\" width=\"170\" height=\"210\" \/><\/div>\n<h2>Pierre Martin-Civat<\/h2>\n<p><\/a>\n<\/div>\n<div class=\"directeur\"><a href=\"https:\/\/academie-saintonge.org\/?p=89\"><\/p>\n<div class=\"imgac\"><img loading=\"lazy\" decoding=\"async\" class=\"alignnone size-full wp-image-90\" src=\"https:\/\/academie-saintonge.org\/wp-content\/uploads\/2015\/08\/chasseloup-laubat2.jpg\" alt=\"chasseloup-laubat2\" width=\"170\" height=\"210\" \/><\/div>\n<h2>F. de Chasseloup-Laubat<\/h2>\n<p><\/a>\n<\/div>\n<div class=\"directeur\"><a href=\"https:\/\/academie-saintonge.org\/?p=258\"><\/p>\n<div class=\"imgac\"><img loading=\"lazy\" decoding=\"async\" class=\"alignnone size-full wp-image-259\" src=\"https:\/\/academie-saintonge.org\/wp-content\/uploads\/2015\/08\/commandon.jpg\" alt=\"commandon\" width=\"170\" height=\"210\" \/><\/div>\n<h2>Odette Commandon<\/h2>\n<p><\/a>\n<\/div>\n<div class=\"directeur\"><a href=\"https:\/\/academie-saintonge.org\/?p=134\"><\/p>\n<div class=\"imgac\"><img loading=\"lazy\" decoding=\"async\" class=\"alignnone size-full wp-image-135\" src=\"https:\/\/academie-saintonge.org\/wp-content\/uploads\/2015\/08\/henri-simon.jpg\" alt=\"henri-simon\" width=\"170\" height=\"210\" \/><\/div>\n<h2>Pierre-Henri Simon<\/h2>\n<p><\/a>\n<\/div>\n<div class=\"directeur\"><a href=\"https:\/\/academie-saintonge.org\/?p=246\"><\/p>\n<div class=\"imgac\"><img loading=\"lazy\" decoding=\"async\" class=\"alignnone size-full wp-image-247\" src=\"https:\/\/academie-saintonge.org\/wp-content\/uploads\/2015\/08\/general-mesnard.jpg\" alt=\"general-mesnard\" width=\"170\" height=\"210\" \/><\/div>\n<h2>Ren\u00e9 Mesnard<\/h2>\n<p><\/a>\n<\/div>\n<div class=\"directeur\"><a href=\"https:\/\/academie-saintonge.org\/?p=179\"><\/p>\n<div class=\"imgac\"><img loading=\"lazy\" decoding=\"async\" class=\"alignnone size-full wp-image-180\" src=\"https:\/\/academie-saintonge.org\/wp-content\/uploads\/2015\/08\/glenisson.jpg\" alt=\"glenisson\" width=\"170\" height=\"210\" \/><\/div>\n<h2>Jean Gl\u00e9nisson<\/h2>\n<p><\/a>\n<\/div>\n<div class=\"directeur\"><a href=\"https:\/\/academie-saintonge.org\/?p=216\"><\/p>\n<div class=\"imgac\"><img loading=\"lazy\" decoding=\"async\" class=\"alignnone size-full wp-image-217\" src=\"https:\/\/academie-saintonge.org\/wp-content\/uploads\/2015\/08\/chapsal.jpg\" alt=\"chapsal\" width=\"170\" height=\"210\" \/><\/div>\n<h2>Madeleine Chapsal<\/h2>\n<p><\/a>\n<\/div>\n<div class=\"directeur\"><a href=\"https:\/\/academie-saintonge.org\/?p=319\"><\/p>\n<div class=\"imgac\"><img loading=\"lazy\" decoding=\"async\" class=\"alignnone size-full wp-image-320\" src=\"https:\/\/academie-saintonge.org\/wp-content\/uploads\/2015\/08\/julien.jpg\" alt=\"julien\" width=\"170\" height=\"210\" \/><\/div>\n<h2>Fran\u00e7ois Julien-Labruy\u00e8re<\/h2>\n<p><\/a>\n<\/div>\n<div class=\"directeur\"><a href=\"https:\/\/academie-saintonge.org\/?p=149\"><\/p>\n<div class=\"imgac\"><img loading=\"lazy\" decoding=\"async\" class=\"alignnone size-full wp-image-150\" src=\"https:\/\/academie-saintonge.org\/wp-content\/uploads\/2015\/08\/montel.jpg\" alt=\"montel\" width=\"170\" height=\"210\" \/><\/div>\n<h2>M-D Montel<\/h2>\n<p><\/a>\n<\/div>\n","protected":false},"excerpt":{"rendered":"<p>Paul Tonnellier Jean Sorillet Pierre Martin-Civat F. de Chasseloup-Laubat Odette Commandon Pierre-Henri Simon Ren\u00e9 Mesnard Jean Gl\u00e9nisson Madeleine Chapsal Fran\u00e7ois Julien-Labruy\u00e8re M-D Montel<\/p>\n","protected":false},"author":5,"featured_media":0,"parent":0,"menu_order":0,"comment_status":"closed","ping_status":"closed","template":"","meta":{"_acf_changed":false,"footnotes":""},"class_list":["post-1586","page","type-page","status-publish","hentry"],"acf":[],"_links":{"self":[{"href":"https:\/\/academie-saintonge.org\/index.php?rest_route=\/wp\/v2\/pages\/1586","targetHints":{"allow":["GET"]}}],"collection":[{"href":"https:\/\/academie-saintonge.org\/index.php?rest_route=\/wp\/v2\/pages"}],"about":[{"href":"https:\/\/academie-saintonge.org\/index.php?rest_route=\/wp\/v2\/types\/page"}],"author":[{"embeddable":true,"href":"https:\/\/academie-saintonge.org\/index.php?rest_route=\/wp\/v2\/users\/5"}],"replies":[{"embeddable":true,"href":"https:\/\/academie-saintonge.org\/index.php?rest_route=%2Fwp%2Fv2%2Fcomments&post=1586"}],"version-history":[{"count":6,"href":"https:\/\/academie-saintonge.org\/index.php?rest_route=\/wp\/v2\/pages\/1586\/revisions"}],"predecessor-version":[{"id":1695,"href":"https:\/\/academie-saintonge.org\/index.php?rest_route=\/wp\/v2\/pages\/1586\/revisions\/1695"}],"wp:attachment":[{"href":"https:\/\/academie-saintonge.org\/index.php?rest_route=%2Fwp%2Fv2%2Fmedia&parent=1586"}],"curies":[{"name":"wp","href":"https:\/\/api.w.org\/{rel}","templated":true}]}}